{"id":24554,"date":"2022-03-28T16:58:13","date_gmt":"2022-03-28T16:58:13","guid":{"rendered":"https:\/\/www.ivh7.si\/izdelek\/prstan-oljka-kamni-ametist-lapis\/"},"modified":"2022-03-28T16:58:14","modified_gmt":"2022-03-28T16:58:14","slug":"prstan-oljka-kamni-ametist-lapis","status":"publish","type":"product","link":"https:\/\/www.sreckomolk.com\/en\/product\/prstan-oljka-kamni-ametist-lapis\/","title":{"rendered":"Prstan oljka, kamni ametist, lapis"},"content":{"rendered":"<ul>\n<li><strong>Les: oljka<\/strong><\/li>\n<li><strong>kamni ametist, lapis<\/strong><\/li>\n<\/ul>\n<hr \/>","protected":false},"excerpt":{"rendered":"<ul>\n<li><strong>Les: oljka<\/strong><\/li>\n<li><strong>kamni ametist, lapis<br \/>\n<\/strong><\/li>\n<\/ul>\n<hr \/>","protected":false},"featured_media":24156,"comment_status":"closed","ping_status":"open","template":"","meta":{"_seopress_robots_primary_cat":""},"product_cat":[245,235],"product_tag":[],"wcpa_form_fields":{"rules":{"pric_overide_base_price":false,"pric_overide_base_price_if_gt_zero":false,"pric_overide_base_price_fully":false,"pric_cal_option_once":false,"pric_use_as_fee":false,"bind_quantity":false,"quantity_bind_formula":false},"fields":[{"type":"text","required":true,"elementId":"wcpa-text-1648484642461","label":"Napi\u0161ite velikost prstana","description":"Preden naro\u010dite prstan zase ali za darilo, morate poznati velikost prstana (\u0161tevilka, obseg ali premer).","desc_type":true,"pricingType":"fixed","name":"text-1648484642461","subtype":"text","cl_rule":"show","col":"2","relations":false,"form_id":23126,"form_rules":{"pric_cal_option_once":false,"exclude_from_discount":false,"pric_use_as_fee":false,"fee_label":"Fee","render_after_acb":false,"disp_hide_options_price":false}}]},"_links":{"self":[{"href":"https:\/\/www.sreckomolk.com\/en\/wp-json\/wp\/v2\/product\/24554"}],"collection":[{"href":"https:\/\/www.sreckomolk.com\/en\/wp-json\/wp\/v2\/product"}],"about":[{"href":"https:\/\/www.sreckomolk.com\/en\/wp-json\/wp\/v2\/types\/product"}],"replies":[{"embeddable":true,"href":"https:\/\/www.sreckomolk.com\/en\/wp-json\/wp\/v2\/comments?post=24554"}],"version-history":[{"count":0,"href":"https:\/\/www.sreckomolk.com\/en\/wp-json\/wp\/v2\/product\/24554\/revisions"}],"wp:featuredmedia":[{"embeddable":true,"href":"https:\/\/www.sreckomolk.com\/en\/wp-json\/wp\/v2\/media\/24156"}],"wp:attachment":[{"href":"https:\/\/www.sreckomolk.com\/en\/wp-json\/wp\/v2\/media?parent=24554"}],"wp:term":[{"taxonomy":"product_cat","embeddable":true,"href":"https:\/\/www.sreckomolk.com\/en\/wp-json\/wp\/v2\/product_cat?post=24554"},{"taxonomy":"product_tag","embeddable":true,"href":"https:\/\/www.sreckomolk.com\/en\/wp-json\/wp\/v2\/product_tag?post=24554"}],"curies":[{"name":"wp","href":"https:\/\/api.w.org\/{rel}","templated":true}]}}