{"id":24520,"date":"2022-03-28T16:58:06","date_gmt":"2022-03-28T16:58:06","guid":{"rendered":"https:\/\/www.ivh7.si\/izdelek\/zapestnica-luzena-tisa\/"},"modified":"2022-03-28T16:58:07","modified_gmt":"2022-03-28T16:58:07","slug":"zapestnica-luzena-tisa","status":"publish","type":"product","link":"https:\/\/www.sreckomolk.com\/en\/product\/zapestnica-luzena-tisa\/","title":{"rendered":"Zapestnica lu\u017eena tisa"},"content":{"rendered":"<ul>\n<li><strong><span class=\"d2edcug0 hpfvmrgz qv66sw1b c1et5uql rrkovp55 a8c37x1j keod5gw0 nxhoafnm aigsh9s9 d3f4x2em fe6kdd0r mau55g9w c8b282yb iv3no6db jq4qci2q a3bd9o3v knj5qynh oo9gr5id hzawbc8m\" dir=\"auto\">Les: tisa<\/span><\/strong><\/li>\n<\/ul>\n<hr \/>","protected":false},"excerpt":{"rendered":"<ul>\n<li><strong><span class=\"d2edcug0 hpfvmrgz qv66sw1b c1et5uql rrkovp55 a8c37x1j keod5gw0 nxhoafnm aigsh9s9 d3f4x2em fe6kdd0r mau55g9w c8b282yb iv3no6db jq4qci2q a3bd9o3v knj5qynh oo9gr5id hzawbc8m\" dir=\"auto\">Les: tisa<\/span><\/strong><\/li>\n<\/ul>\n<hr \/>","protected":false},"featured_media":24085,"comment_status":"closed","ping_status":"open","template":"","meta":{"_seopress_robots_primary_cat":""},"product_cat":[236,235],"product_tag":[],"wcpa_form_fields":{"rules":{"pric_overide_base_price":false,"pric_overide_base_price_if_gt_zero":false,"pric_overide_base_price_fully":false,"pric_cal_option_once":false,"pric_use_as_fee":false,"bind_quantity":false,"quantity_bind_formula":false},"fields":[{"type":"text","required":true,"elementId":"wcpa-text-62441dd75b3f7","label":"Napi\u0161ite velikost zapestnice","description":"Ko kupujete zapestnico si s \u0161ivilskim metrom ali vrvico izmerite obseg zapestja, nato pa dodajte \u0161e za en prst dol\u017eine (cca 1 cm).  Modne zapestnice naj se ne bi nosile tesno ob roku, ampak je priporo\u010dljivo, da je med roko in zapestnico za en prst prostora, da zapestnica lepo drsi po zapestju in ne drgne ko\u017ee.","desc_type":true,"pricingType":"fixed","name":"text-62441dd75b40b","subtype":"text","cl_rule":"show","col":"2","relations":false,"form_id":25005,"form_rules":{"pric_cal_option_once":false,"exclude_from_discount":false,"pric_use_as_fee":false,"fee_label":"Fee","render_after_acb":false,"disp_hide_options_price":false}}]},"_links":{"self":[{"href":"https:\/\/www.sreckomolk.com\/en\/wp-json\/wp\/v2\/product\/24520"}],"collection":[{"href":"https:\/\/www.sreckomolk.com\/en\/wp-json\/wp\/v2\/product"}],"about":[{"href":"https:\/\/www.sreckomolk.com\/en\/wp-json\/wp\/v2\/types\/product"}],"replies":[{"embeddable":true,"href":"https:\/\/www.sreckomolk.com\/en\/wp-json\/wp\/v2\/comments?post=24520"}],"version-history":[{"count":0,"href":"https:\/\/www.sreckomolk.com\/en\/wp-json\/wp\/v2\/product\/24520\/revisions"}],"wp:featuredmedia":[{"embeddable":true,"href":"https:\/\/www.sreckomolk.com\/en\/wp-json\/wp\/v2\/media\/24085"}],"wp:attachment":[{"href":"https:\/\/www.sreckomolk.com\/en\/wp-json\/wp\/v2\/media?parent=24520"}],"wp:term":[{"taxonomy":"product_cat","embeddable":true,"href":"https:\/\/www.sreckomolk.com\/en\/wp-json\/wp\/v2\/product_cat?post=24520"},{"taxonomy":"product_tag","embeddable":true,"href":"https:\/\/www.sreckomolk.com\/en\/wp-json\/wp\/v2\/product_tag?post=24520"}],"curies":[{"name":"wp","href":"https:\/\/api.w.org\/{rel}","templated":true}]}}