{"id":24500,"date":"2022-03-28T16:57:59","date_gmt":"2022-03-28T16:57:59","guid":{"rendered":"https:\/\/www.ivh7.si\/izdelek\/zapestnica-luzen-javor-3\/"},"modified":"2022-03-28T16:58:00","modified_gmt":"2022-03-28T16:58:00","slug":"zapestnica-luzen-javor-3","status":"publish","type":"product","link":"https:\/\/www.sreckomolk.com\/en\/product\/zapestnica-luzen-javor-3\/","title":{"rendered":"Zapestnica lu\u017een javor"},"content":{"rendered":"<p><strong>Les: lu\u017een javor<\/strong><\/p>\n<p style=\"text-align: justify;\"><strong>Kolekcija 7<\/strong>, je nastala po inspiraciji subkulture \u00bbskejterjev\u00ab in njihovih skjetov. Skejti, ki bi sicer, ko svoje odslu\u017eijo, romali v smeti, so tokrat dobili popolnoma novo obliko in namen, postali so majhne skulpture, nakit, ki tokrat nosi \u0161e bolj edinstvene in \u017eive zgodbe.<\/p>\n<p style=\"text-align: justify;\">To je kolekcija, ki sem jo ustvarjal z mladimi in za mlade \u2013 tako po letih kot po du\u0161i.<\/p>\n<p style=\"text-align: justify;\">V kolekciji, so izdelki geometrijskih in ravnih oblik, izdelki, ki so zaradi svoje barvitosti, igrivi in zelo nosljivi. To je kolekcija ki je \u017eivahna in \u017eiva, saj jo nenehno dopolnjujem in nadgrajujem.<\/p>\n<hr \/>","protected":false},"excerpt":{"rendered":"<ul>\n<li><a href=\"http:\/\/molk-jewelry.com\/oznaka-izdelka\/kolekcija-7\/\"><strong>Kolekcija 7<\/strong><\/a><\/li>\n<li><strong>Les: lu\u017een javor<\/strong><\/li>\n<\/ul>\n<hr \/>","protected":false},"featured_media":24040,"comment_status":"closed","ping_status":"open","template":"","meta":{"_seopress_robots_primary_cat":""},"product_cat":[236,235],"product_tag":[255],"wcpa_form_fields":{"rules":{"pric_overide_base_price":false,"pric_overide_base_price_if_gt_zero":false,"pric_overide_base_price_fully":false,"pric_cal_option_once":false,"pric_use_as_fee":false,"bind_quantity":false,"quantity_bind_formula":false},"fields":[{"type":"text","required":true,"elementId":"wcpa-text-62441dd75b3f7","label":"Napi\u0161ite velikost zapestnice","description":"Ko kupujete zapestnico si s \u0161ivilskim metrom ali vrvico izmerite obseg zapestja, nato pa dodajte \u0161e za en prst dol\u017eine (cca 1 cm).  Modne zapestnice naj se ne bi nosile tesno ob roku, ampak je priporo\u010dljivo, da je med roko in zapestnico za en prst prostora, da zapestnica lepo drsi po zapestju in ne drgne ko\u017ee.","desc_type":true,"pricingType":"fixed","name":"text-62441dd75b40b","subtype":"text","cl_rule":"show","col":"2","relations":false,"form_id":25005,"form_rules":{"pric_cal_option_once":false,"exclude_from_discount":false,"pric_use_as_fee":false,"fee_label":"Fee","render_after_acb":false,"disp_hide_options_price":false}}]},"_links":{"self":[{"href":"https:\/\/www.sreckomolk.com\/en\/wp-json\/wp\/v2\/product\/24500"}],"collection":[{"href":"https:\/\/www.sreckomolk.com\/en\/wp-json\/wp\/v2\/product"}],"about":[{"href":"https:\/\/www.sreckomolk.com\/en\/wp-json\/wp\/v2\/types\/product"}],"replies":[{"embeddable":true,"href":"https:\/\/www.sreckomolk.com\/en\/wp-json\/wp\/v2\/comments?post=24500"}],"version-history":[{"count":0,"href":"https:\/\/www.sreckomolk.com\/en\/wp-json\/wp\/v2\/product\/24500\/revisions"}],"wp:featuredmedia":[{"embeddable":true,"href":"https:\/\/www.sreckomolk.com\/en\/wp-json\/wp\/v2\/media\/24040"}],"wp:attachment":[{"href":"https:\/\/www.sreckomolk.com\/en\/wp-json\/wp\/v2\/media?parent=24500"}],"wp:term":[{"taxonomy":"product_cat","embeddable":true,"href":"https:\/\/www.sreckomolk.com\/en\/wp-json\/wp\/v2\/product_cat?post=24500"},{"taxonomy":"product_tag","embeddable":true,"href":"https:\/\/www.sreckomolk.com\/en\/wp-json\/wp\/v2\/product_tag?post=24500"}],"curies":[{"name":"wp","href":"https:\/\/api.w.org\/{rel}","templated":true}]}}