{"id":24464,"date":"2022-03-28T16:57:51","date_gmt":"2022-03-28T16:57:51","guid":{"rendered":"https:\/\/www.ivh7.si\/izdelek\/prstan-luzeni-javor\/"},"modified":"2022-03-28T16:57:51","modified_gmt":"2022-03-28T16:57:51","slug":"prstan-luzeni-javor","status":"publish","type":"product","link":"https:\/\/www.sreckomolk.com\/en\/product\/prstan-luzeni-javor\/","title":{"rendered":"Prstan lu\u017eeni javor"},"content":{"rendered":"<p><strong>Les: lu\u017eeni javor<\/strong><\/p>\n<p style=\"text-align: justify;\"><strong>Kolekcija 7<\/strong>, je nastala po inspiraciji subkulture \u00bbskejterjev\u00ab in njihovih skjetov. Skejti, ki bi sicer, ko svoje odslu\u017eijo, romali v smeti, so tokrat dobili popolnoma novo obliko in namen, postali so majhne skulpture, nakit, ki tokrat nosi \u0161e bolj edinstvene in \u017eive zgodbe.<\/p>\n<p style=\"text-align: justify;\">To je kolekcija, ki sem jo ustvarjal z mladimi in za mlade \u2013 tako po letih kot po du\u0161i.<\/p>\n<p style=\"text-align: justify;\">V kolekciji, so izdelki geometrijskih in ravnih oblik, izdelki, ki so zaradi svoje barvitosti, igrivi in zelo nosljivi. To je kolekcija ki je \u017eivahna in \u017eiva, saj jo nenehno dopolnjujem in nadgrajujem.<\/p>\n<hr \/>","protected":false},"excerpt":{"rendered":"<ul>\n<li><a href=\"http:\/\/molk-jewelry.com\/oznaka-izdelka\/kolekcija-7\/\"><strong>Kolekcija 7<\/strong><\/a><\/li>\n<li><strong>Les: lu\u017eeni javor<\/strong><\/li>\n<\/ul>\n<hr \/>","protected":false},"featured_media":23963,"comment_status":"closed","ping_status":"open","template":"","meta":{"_seopress_robots_primary_cat":""},"product_cat":[245,235],"product_tag":[255],"wcpa_form_fields":{"rules":{"pric_overide_base_price":false,"pric_overide_base_price_if_gt_zero":false,"pric_overide_base_price_fully":false,"pric_cal_option_once":false,"pric_use_as_fee":false,"bind_quantity":false,"quantity_bind_formula":false},"fields":[{"type":"text","required":true,"elementId":"wcpa-text-1648484642461","label":"Napi\u0161ite velikost prstana","description":"Preden naro\u010dite prstan zase ali za darilo, morate poznati velikost prstana (\u0161tevilka, obseg ali premer).","desc_type":true,"pricingType":"fixed","name":"text-1648484642461","subtype":"text","cl_rule":"show","col":"2","relations":false,"form_id":23126,"form_rules":{"pric_cal_option_once":false,"exclude_from_discount":false,"pric_use_as_fee":false,"fee_label":"Fee","render_after_acb":false,"disp_hide_options_price":false}}]},"_links":{"self":[{"href":"https:\/\/www.sreckomolk.com\/en\/wp-json\/wp\/v2\/product\/24464"}],"collection":[{"href":"https:\/\/www.sreckomolk.com\/en\/wp-json\/wp\/v2\/product"}],"about":[{"href":"https:\/\/www.sreckomolk.com\/en\/wp-json\/wp\/v2\/types\/product"}],"replies":[{"embeddable":true,"href":"https:\/\/www.sreckomolk.com\/en\/wp-json\/wp\/v2\/comments?post=24464"}],"version-history":[{"count":0,"href":"https:\/\/www.sreckomolk.com\/en\/wp-json\/wp\/v2\/product\/24464\/revisions"}],"wp:featuredmedia":[{"embeddable":true,"href":"https:\/\/www.sreckomolk.com\/en\/wp-json\/wp\/v2\/media\/23963"}],"wp:attachment":[{"href":"https:\/\/www.sreckomolk.com\/en\/wp-json\/wp\/v2\/media?parent=24464"}],"wp:term":[{"taxonomy":"product_cat","embeddable":true,"href":"https:\/\/www.sreckomolk.com\/en\/wp-json\/wp\/v2\/product_cat?post=24464"},{"taxonomy":"product_tag","embeddable":true,"href":"https:\/\/www.sreckomolk.com\/en\/wp-json\/wp\/v2\/product_tag?post=24464"}],"curies":[{"name":"wp","href":"https:\/\/api.w.org\/{rel}","templated":true}]}}