{"id":24454,"date":"2022-03-28T16:57:49","date_gmt":"2022-03-28T16:57:49","guid":{"rendered":"https:\/\/www.ivh7.si\/izdelek\/prstana-oreh-srebro-925-2-2\/"},"modified":"2022-03-28T16:57:50","modified_gmt":"2022-03-28T16:57:50","slug":"prstana-oreh-srebro-925-2-2","status":"publish","type":"product","link":"https:\/\/www.sreckomolk.com\/en\/product\/prstana-oreh-srebro-925-2-2\/","title":{"rendered":"Prstana oreh, srebro 925"},"content":{"rendered":"<p><span class=\"d2edcug0 hpfvmrgz qv66sw1b c1et5uql rrkovp55 a8c37x1j keod5gw0 nxhoafnm aigsh9s9 d3f4x2em fe6kdd0r mau55g9w c8b282yb iv3no6db jq4qci2q a3bd9o3v knj5qynh oo9gr5id\" dir=\"auto\"><span class=\"d2edcug0 hpfvmrgz qv66sw1b c1et5uql rrkovp55 jq4qci2q a3bd9o3v knj5qynh oo9gr5id hzawbc8m\"><span class=\"pq6dq46d tbxw36s4 knj5qynh kvgmc6g5 ditlmg2l oygrvhab nvdbi5me sf5mxxl7 gl3lb2sf hhz5lgdu\"> <strong><span class=\"d2edcug0 hpfvmrgz qv66sw1b c1et5uql rrkovp55 a8c37x1j keod5gw0 nxhoafnm aigsh9s9 d3f4x2em fe6kdd0r mau55g9w c8b282yb iv3no6db jq4qci2q a3bd9o3v knj5qynh oo9gr5id hzawbc8m\" dir=\"auto\">Materijal: oreh, srebro 925<\/span><\/strong><\/span><\/span><\/span><\/p>\n<hr \/>\n<p>&nbsp;<\/p>","protected":false},"excerpt":{"rendered":"<ul>\n<li><strong><span class=\"d2edcug0 hpfvmrgz qv66sw1b c1et5uql rrkovp55 a8c37x1j keod5gw0 nxhoafnm aigsh9s9 d3f4x2em fe6kdd0r mau55g9w c8b282yb iv3no6db jq4qci2q a3bd9o3v knj5qynh oo9gr5id hzawbc8m\" dir=\"auto\">Les: oreh<\/span><\/strong><\/li>\n<li><strong><span class=\"d2edcug0 hpfvmrgz qv66sw1b c1et5uql rrkovp55 a8c37x1j keod5gw0 nxhoafnm aigsh9s9 d3f4x2em fe6kdd0r mau55g9w c8b282yb iv3no6db jq4qci2q a3bd9o3v knj5qynh oo9gr5id hzawbc8m\" dir=\"auto\">Srebro 925<br \/>\n<\/span><\/strong><\/li>\n<\/ul>","protected":false},"featured_media":23942,"comment_status":"closed","ping_status":"open","template":"","meta":{"_seopress_robots_primary_cat":""},"product_cat":[237,238,239],"product_tag":[256],"wcpa_form_fields":{"rules":{"pric_overide_base_price":false,"pric_overide_base_price_if_gt_zero":false,"pric_overide_base_price_fully":false,"pric_cal_option_once":false,"pric_use_as_fee":false,"bind_quantity":false,"quantity_bind_formula":false},"fields":[{"type":"text","required":true,"elementId":"wcpa-text-1648484642461","label":"Napi\u0161ite velikost prstana","description":"Preden naro\u010dite prstan zase ali za darilo, morate poznati velikost prstana (\u0161tevilka, obseg ali premer).","desc_type":true,"pricingType":"fixed","name":"text-1648484642461","subtype":"text","cl_rule":"show","col":"2","relations":false,"form_id":23126,"form_rules":{"pric_cal_option_once":false,"exclude_from_discount":false,"pric_use_as_fee":false,"fee_label":"Fee","render_after_acb":false,"disp_hide_options_price":false}}]},"_links":{"self":[{"href":"https:\/\/www.sreckomolk.com\/en\/wp-json\/wp\/v2\/product\/24454"}],"collection":[{"href":"https:\/\/www.sreckomolk.com\/en\/wp-json\/wp\/v2\/product"}],"about":[{"href":"https:\/\/www.sreckomolk.com\/en\/wp-json\/wp\/v2\/types\/product"}],"replies":[{"embeddable":true,"href":"https:\/\/www.sreckomolk.com\/en\/wp-json\/wp\/v2\/comments?post=24454"}],"version-history":[{"count":0,"href":"https:\/\/www.sreckomolk.com\/en\/wp-json\/wp\/v2\/product\/24454\/revisions"}],"wp:featuredmedia":[{"embeddable":true,"href":"https:\/\/www.sreckomolk.com\/en\/wp-json\/wp\/v2\/media\/23942"}],"wp:attachment":[{"href":"https:\/\/www.sreckomolk.com\/en\/wp-json\/wp\/v2\/media?parent=24454"}],"wp:term":[{"taxonomy":"product_cat","embeddable":true,"href":"https:\/\/www.sreckomolk.com\/en\/wp-json\/wp\/v2\/product_cat?post=24454"},{"taxonomy":"product_tag","embeddable":true,"href":"https:\/\/www.sreckomolk.com\/en\/wp-json\/wp\/v2\/product_tag?post=24454"}],"curies":[{"name":"wp","href":"https:\/\/api.w.org\/{rel}","templated":true}]}}