{"id":24424,"date":"2022-03-28T16:57:42","date_gmt":"2022-03-28T16:57:42","guid":{"rendered":"https:\/\/www.ivh7.si\/izdelek\/prstan-oreh-zlato-585-kamen-akvamarin\/"},"modified":"2022-03-28T16:57:43","modified_gmt":"2022-03-28T16:57:43","slug":"prstan-oreh-zlato-585-kamen-akvamarin","status":"publish","type":"product","link":"https:\/\/www.sreckomolk.com\/en\/product\/prstan-oreh-zlato-585-kamen-akvamarin\/","title":{"rendered":"Prstan oreh, zlato 585, kamen akvamarin"},"content":{"rendered":"<ul>\n<li><strong>Les: oreh<\/strong><\/li>\n<li><strong>Zlato 585<\/strong><\/li>\n<li><strong>Kamen akvamarin<\/strong><\/li>\n<\/ul>\n<hr \/>","protected":false},"excerpt":{"rendered":"<ul>\n<li><strong>Les: oreh<\/strong><\/li>\n<li><strong>Zlato 585<\/strong><\/li>\n<li><strong>Kamen akvamarin<\/strong><\/li>\n<\/ul>\n<hr \/>","protected":false},"featured_media":23870,"comment_status":"closed","ping_status":"open","template":"","meta":{"_seopress_robots_primary_cat":""},"product_cat":[245,235],"product_tag":[],"wcpa_form_fields":{"rules":{"pric_overide_base_price":false,"pric_overide_base_price_if_gt_zero":false,"pric_overide_base_price_fully":false,"pric_cal_option_once":false,"pric_use_as_fee":false,"bind_quantity":false,"quantity_bind_formula":false},"fields":[{"type":"text","required":true,"elementId":"wcpa-text-1648484642461","label":"Napi\u0161ite velikost prstana","description":"Preden naro\u010dite prstan zase ali za darilo, morate poznati velikost prstana (\u0161tevilka, obseg ali premer).","desc_type":true,"pricingType":"fixed","name":"text-1648484642461","subtype":"text","cl_rule":"show","col":"2","relations":false,"form_id":23126,"form_rules":{"pric_cal_option_once":false,"exclude_from_discount":false,"pric_use_as_fee":false,"fee_label":"Fee","render_after_acb":false,"disp_hide_options_price":false}}]},"_links":{"self":[{"href":"https:\/\/www.sreckomolk.com\/en\/wp-json\/wp\/v2\/product\/24424"}],"collection":[{"href":"https:\/\/www.sreckomolk.com\/en\/wp-json\/wp\/v2\/product"}],"about":[{"href":"https:\/\/www.sreckomolk.com\/en\/wp-json\/wp\/v2\/types\/product"}],"replies":[{"embeddable":true,"href":"https:\/\/www.sreckomolk.com\/en\/wp-json\/wp\/v2\/comments?post=24424"}],"version-history":[{"count":0,"href":"https:\/\/www.sreckomolk.com\/en\/wp-json\/wp\/v2\/product\/24424\/revisions"}],"wp:featuredmedia":[{"embeddable":true,"href":"https:\/\/www.sreckomolk.com\/en\/wp-json\/wp\/v2\/media\/23870"}],"wp:attachment":[{"href":"https:\/\/www.sreckomolk.com\/en\/wp-json\/wp\/v2\/media?parent=24424"}],"wp:term":[{"taxonomy":"product_cat","embeddable":true,"href":"https:\/\/www.sreckomolk.com\/en\/wp-json\/wp\/v2\/product_cat?post=24424"},{"taxonomy":"product_tag","embeddable":true,"href":"https:\/\/www.sreckomolk.com\/en\/wp-json\/wp\/v2\/product_tag?post=24424"}],"curies":[{"name":"wp","href":"https:\/\/api.w.org\/{rel}","templated":true}]}}