{"id":24408,"date":"2022-03-28T16:57:40","date_gmt":"2022-03-28T16:57:40","guid":{"rendered":"https:\/\/www.ivh7.si\/izdelek\/dravagold-prstan-dravska-noc\/"},"modified":"2022-03-30T09:16:09","modified_gmt":"2022-03-30T09:16:09","slug":"dravagold-prstan-dravska-noc","status":"publish","type":"product","link":"https:\/\/www.sreckomolk.com\/en\/product\/dravagold-prstan-dravska-noc\/","title":{"rendered":"Dravagold prstan, Dravska no\u010d"},"content":{"rendered":"<ul>\n<li><strong>Les:<\/strong><\/li>\n<li><strong>Dravsko zlato<\/strong><\/li>\n<\/ul>\n<p><span class=\"d2edcug0 hpfvmrgz qv66sw1b c1et5uql rrkovp55 a8c37x1j keod5gw0 nxhoafnm aigsh9s9 d3f4x2em fe6kdd0r mau55g9w c8b282yb iv3no6db jq4qci2q a3bd9o3v knj5qynh oo9gr5id hzawbc8m\" dir=\"auto\">Na obmo\u010dju Slovenije se nahajajo zlate luskice v premeru do 1 mm, najve\u010dje tja do 5 mm, tako da je za 1 g dravskega zlata potrebnih med 5.000 do 10.000 luskic<\/span>. Za dravsko zlato lahko re\u010demo, da je tudi druga\u010de \u010disto, saj se \u0161e ni sre\u010dalo s \u010dlovekovimi hotenji ali dejanji.<\/p>\n<p>Zgodbe o najdbah zlata v dravskih naplavinah segajo v \u0161esto stoletje pred na\u0161im \u0161tetjem. Zanimiv in tudi za dana\u0161nje razmere presenetljiv pa je podatek, da je v za\u010detku 20. stoletja na Dravi zlato izpiralo okoli 200 izpiralcev. Letos so v Star\u0161ah s pomo\u010djo evropskega denarja za\u010deli z obujanjem zgodbe o zlatokopih, zlato pa so za\u010deli izpirati v okviru projekta Zlata Drava. O tem, da je ta reka res zlatonosna reka, sta se prepri\u010dala tudi hidrin\u017eenir <strong>Sa\u0161o \u0160antl<\/strong> in priznani oblikovalec nakita <strong>Sre\u010dko Molk<\/strong>, ki sta zlate luske ujela v \u010dudovite kose nakita.<\/p>\n<p><a href=\"http:\/\/molk-jewelry.com\/2021\/01\/26\/zlato-iz-drave-v-nakitu-blagovne-znamke-dravagold\/\">PREBERITE VE\u010c&#8230;<\/a><\/p>\n<hr \/>","protected":false},"excerpt":{"rendered":"<ul>\n<li><strong>Les: wenge<br \/>\n<\/strong><\/li>\n<li><strong>Dravsko zlato<\/strong><\/li>\n<\/ul>\n<p>Zlato v nakitu dravagold je povsem naravno in tako, kot so ga poznali na\u0161i daljni predniki. Skupaj s toploto lesa nas spominja ali opominja na \u010dase, ko smo \u017eiveli z naravo in verjeli vase.<\/p>\n<hr \/>","protected":false},"featured_media":23811,"comment_status":"closed","ping_status":"closed","template":"","meta":{"_seopress_robots_primary_cat":""},"product_cat":[244,245,239],"product_tag":[257],"wcpa_form_fields":{"rules":{"pric_overide_base_price":false,"pric_overide_base_price_if_gt_zero":false,"pric_overide_base_price_fully":false,"pric_cal_option_once":false,"pric_use_as_fee":false,"bind_quantity":false,"quantity_bind_formula":false},"fields":[{"type":"text","required":true,"elementId":"wcpa-text-1648484642461","label":"Napi\u0161ite velikost prstana","description":"Preden naro\u010dite prstan zase ali za darilo, morate poznati velikost prstana (\u0161tevilka, obseg ali premer).","desc_type":true,"pricingType":"fixed","name":"text-1648484642461","subtype":"text","cl_rule":"show","col":"2","relations":false,"form_id":23126,"form_rules":{"pric_cal_option_once":false,"exclude_from_discount":false,"pric_use_as_fee":false,"fee_label":"Fee","render_after_acb":false,"disp_hide_options_price":false}}]},"_links":{"self":[{"href":"https:\/\/www.sreckomolk.com\/en\/wp-json\/wp\/v2\/product\/24408"}],"collection":[{"href":"https:\/\/www.sreckomolk.com\/en\/wp-json\/wp\/v2\/product"}],"about":[{"href":"https:\/\/www.sreckomolk.com\/en\/wp-json\/wp\/v2\/types\/product"}],"replies":[{"embeddable":true,"href":"https:\/\/www.sreckomolk.com\/en\/wp-json\/wp\/v2\/comments?post=24408"}],"version-history":[{"count":0,"href":"https:\/\/www.sreckomolk.com\/en\/wp-json\/wp\/v2\/product\/24408\/revisions"}],"wp:featuredmedia":[{"embeddable":true,"href":"https:\/\/www.sreckomolk.com\/en\/wp-json\/wp\/v2\/media\/23811"}],"wp:attachment":[{"href":"https:\/\/www.sreckomolk.com\/en\/wp-json\/wp\/v2\/media?parent=24408"}],"wp:term":[{"taxonomy":"product_cat","embeddable":true,"href":"https:\/\/www.sreckomolk.com\/en\/wp-json\/wp\/v2\/product_cat?post=24408"},{"taxonomy":"product_tag","embeddable":true,"href":"https:\/\/www.sreckomolk.com\/en\/wp-json\/wp\/v2\/product_tag?post=24408"}],"curies":[{"name":"wp","href":"https:\/\/api.w.org\/{rel}","templated":true}]}}