{"id":23566,"date":"2022-03-28T10:53:31","date_gmt":"2022-03-28T10:53:31","guid":{"rendered":"https:\/\/www.ivh7.si\/piskotki-in-zasebnost-copy\/"},"modified":"2022-03-28T11:00:21","modified_gmt":"2022-03-28T11:00:21","slug":"cene-placila-dostava","status":"publish","type":"page","link":"https:\/\/www.sreckomolk.com\/en\/cene-placila-dostava\/","title":{"rendered":"Cene, pla\u010dila, dostava"},"content":{"rendered":"<div data-elementor-type=\"wp-page\" data-elementor-id=\"23566\" class=\"elementor elementor-23566\" data-elementor-post-type=\"page\">\n\t\t\t\t\t\t\t\t\t<section class=\"elementor-section elementor-top-section elementor-element elementor-element-407d1be elementor-section-boxed elementor-section-height-default elementor-section-height-default\" data-id=\"407d1be\" data-element_type=\"section\" data-settings=\"{&quot;jet_parallax_layout_list&quot;:[]}\">\n\t\t\t\t\t\t<div class=\"elementor-container elementor-column-gap-default\">\n\t\t\t\t\t<div class=\"elementor-column elementor-col-100 elementor-top-column elementor-element elementor-element-c09b318\" data-id=\"c09b318\" data-element_type=\"column\">\n\t\t\t<div class=\"elementor-widget-wrap elementor-element-populated\">\n\t\t\t\t\t\t\t\t<div class=\"elementor-element elementor-element-cfbe70a elementor-widget elementor-widget-heading\" data-id=\"cfbe70a\" data-element_type=\"widget\" data-widget_type=\"heading.default\">\n\t\t\t\t<div class=\"elementor-widget-container\">\n\t\t\t<h2 class=\"elementor-heading-title elementor-size-default\">Cene in pla\u010dila<\/h2>\t\t<\/div>\n\t\t\t\t<\/div>\n\t\t\t\t<div class=\"elementor-element elementor-element-b34fddf elementor-widget elementor-widget-text-editor\" data-id=\"b34fddf\" data-element_type=\"widget\" data-widget_type=\"text-editor.default\">\n\t\t\t\t<div class=\"elementor-widget-container\">\n\t\t\t\t\t\t\t<p><strong>Vse cene v spletni trgovini Sre\u010dko Molk &#8220;Wooden Jewelry&#8221; so navedene v EUR in vklju\u010dujejo davek na dodano vrednost (DDV), razen, \u010de ni to druga\u010de zapisano.<\/strong><\/p><p>Cene veljajo ob sklenitvi pogodbe oziroma, ko kupec dobi sporo\u010dilo, da je naro\u010dilo v obdelavi. Cene se lahko spremenijo brez predhodnega obvestila. Ponudba velja po teh pogojih do prodaje zalog.<\/p>\t\t\t\t\t\t<\/div>\n\t\t\t\t<\/div>\n\t\t\t\t<div class=\"elementor-element elementor-element-b6512eb elementor-widget elementor-widget-heading\" data-id=\"b6512eb\" data-element_type=\"widget\" data-widget_type=\"heading.default\">\n\t\t\t\t<div class=\"elementor-widget-container\">\n\t\t\t<h2 class=\"elementor-heading-title elementor-size-default\">Na\u010dini pla\u010dil<\/h2>\t\t<\/div>\n\t\t\t\t<\/div>\n\t\t\t\t<div class=\"elementor-element elementor-element-a94e67e elementor-widget elementor-widget-text-editor\" data-id=\"a94e67e\" data-element_type=\"widget\" data-widget_type=\"text-editor.default\">\n\t\t\t\t<div class=\"elementor-widget-container\">\n\t\t\t\t\t\t\t<p>FINANCIRANJE &#8211; KUPUJTE ENOSTAVNO IN HITRO<\/p>\t\t\t\t\t\t<\/div>\n\t\t\t\t<\/div>\n\t\t\t\t<div class=\"elementor-element elementor-element-f1300bb elementor-widget elementor-widget-text-editor\" data-id=\"f1300bb\" data-element_type=\"widget\" data-widget_type=\"text-editor.default\">\n\t\t\t\t<div class=\"elementor-widget-container\">\n\t\t\t\t\t\t\t<p>V trgovini Sre\u010dko Molk &#8220;Wooden Jewelry&#8221; vam poleg gotovinskega pla\u010dila nudimo izbor pla\u010dilnih na\u010dinov, s katerimi bo va\u0161 nakup udoben in enostaven.<\/p>\t\t\t\t\t\t<\/div>\n\t\t\t\t<\/div>\n\t\t\t\t<div class=\"elementor-element elementor-element-0fa50d6 elementor-widget elementor-widget-text-editor\" data-id=\"0fa50d6\" data-element_type=\"widget\" data-widget_type=\"text-editor.default\">\n\t\t\t\t<div class=\"elementor-widget-container\">\n\t\t\t\t\t\t\t<p>1. Paypal<\/p>\t\t\t\t\t\t<\/div>\n\t\t\t\t<\/div>\n\t\t\t\t<div class=\"elementor-element elementor-element-fdef63f elementor-widget elementor-widget-text-editor\" data-id=\"fdef63f\" data-element_type=\"widget\" data-widget_type=\"text-editor.default\">\n\t\t\t\t<div class=\"elementor-widget-container\">\n\t\t\t\t\t\t\t<p>PayPal je najbolj priljubljen in nadvse varen pla\u010dilni sistem, ki nastopa kot posrednik med kupcem in prodajalcem. Pri pla\u010devanju s Paypal boste preusmerjeni na njihovo spletno stran za pla\u010devanje, kjer sledite korakom nakupa ter zaklju\u010dite pla\u010dilo. \u010ce \u0161e nimate svojega PayPal ra\u010duna, si ga lahko ustvarite na slede\u010di povezavi: <a href=\"https:\/\/www.paypal.com\/si\" target=\"_blank\" rel=\"noopener\">https:\/\/www.paypal.com\/si<\/a>.<\/p>\t\t\t\t\t\t<\/div>\n\t\t\t\t<\/div>\n\t\t\t\t<div class=\"elementor-element elementor-element-cba0a18 elementor-widget elementor-widget-text-editor\" data-id=\"cba0a18\" data-element_type=\"widget\" data-widget_type=\"text-editor.default\">\n\t\t\t\t<div class=\"elementor-widget-container\">\n\t\t\t\t\t\t\t<p>2. Pla\u010dilo po redra\u010dunu<\/p>\t\t\t\t\t\t<\/div>\n\t\t\t\t<\/div>\n\t\t\t\t<div class=\"elementor-element elementor-element-b869cac elementor-widget elementor-widget-text-editor\" data-id=\"b869cac\" data-element_type=\"widget\" data-widget_type=\"text-editor.default\">\n\t\t\t\t<div class=\"elementor-widget-container\">\n\t\t\t\t\t\t\t<p>Pri izbiri pla\u010dila po predra\u010dunu prejmete na svoj e-naslov, ki ste ga navedli ob registraciji, naro\u010dilo, na katerem so izpisani vsi podatki za izvedbo pla\u010dila: znesek pla\u010dila, transakcijski ra\u010dun, referenca\/sklic in namen pla\u010dila.<\/p>\t\t\t\t\t\t<\/div>\n\t\t\t\t<\/div>\n\t\t\t\t<div class=\"elementor-element elementor-element-54524d0 elementor-widget elementor-widget-text-editor\" data-id=\"54524d0\" data-element_type=\"widget\" data-widget_type=\"text-editor.default\">\n\t\t\t\t<div class=\"elementor-widget-container\">\n\t\t\t\t\t\t\t<p>3. Pla\u010dilo po povzetju<\/p>\t\t\t\t\t\t<\/div>\n\t\t\t\t<\/div>\n\t\t\t\t<div class=\"elementor-element elementor-element-7e41781 elementor-widget elementor-widget-image\" data-id=\"7e41781\" data-element_type=\"widget\" data-widget_type=\"image.default\">\n\t\t\t\t<div class=\"elementor-widget-container\">\n\t\t\t\t\t\t\t\t\t\t\t\t\t\t\t<img decoding=\"async\" width=\"400\" height=\"566\" src=\"https:\/\/www.sreckomolk.com\/wp-content\/uploads\/2022\/03\/vklopi_razum_1.png\" class=\"attachment-large size-large wp-image-23568\" alt=\"vklopi razum 1\" \/>\t\t\t\t\t\t\t\t\t\t\t\t\t\t\t<\/div>\n\t\t\t\t<\/div>\n\t\t\t\t<div class=\"elementor-element elementor-element-714e097 elementor-widget elementor-widget-heading\" data-id=\"714e097\" data-element_type=\"widget\" data-widget_type=\"heading.default\">\n\t\t\t\t<div class=\"elementor-widget-container\">\n\t\t\t<h2 class=\"elementor-heading-title elementor-size-default\">Dostava, prevzemno mesto<\/h2>\t\t<\/div>\n\t\t\t\t<\/div>\n\t\t\t\t<div class=\"elementor-element elementor-element-aaf9720 elementor-widget elementor-widget-text-editor\" data-id=\"aaf9720\" data-element_type=\"widget\" data-widget_type=\"text-editor.default\">\n\t\t\t\t<div class=\"elementor-widget-container\">\n\t\t\t\t\t\t\t<p>Dostavo naro\u010denega blaga opravlja na\u0161 pogodbeni partner. Artikli, ki so na zalogi, bodo odposlani \u017ee isti dan ali naslednji delovni dan po prejetem naro\u010dilu. V primeru, da izdelki niso na zalogi velja dobavni rok, ki je naveden.<\/p><p>Dostava blaga je omejena na ozemlje dr\u017eave Slovenije (za druga\u010den dogovor nas prosim povpra\u0161ajte). V nobenem primeru trgovec ni odgovoren za prekora\u010den rok dostave. Dostava se izvr\u0161i na naslov, ki ste ga navedli ob prijavi ali naro\u010dilu.<\/p><p>\u010ce vas v \u010dasu dostave ni na predvidenem mestu bo dostavljalec pustil sporo\u010dilo, na katerem bodo navodila za nadaljnje ukrepanje. Najve\u010dkrat zado\u0161\u010da obisk najbli\u017eje po\u0161te.<\/p>\t\t\t\t\t\t<\/div>\n\t\t\t\t<\/div>\n\t\t\t\t<div class=\"elementor-element elementor-element-eb6ca07 elementor-widget elementor-widget-text-editor\" data-id=\"eb6ca07\" data-element_type=\"widget\" data-widget_type=\"text-editor.default\">\n\t\t\t\t<div class=\"elementor-widget-container\">\n\t\t\t\t\t\t\t<p>Stro\u0161ki dostave:<\/p>\t\t\t\t\t\t<\/div>\n\t\t\t\t<\/div>\n\t\t\t\t<div class=\"elementor-element elementor-element-f5416da elementor-widget elementor-widget-text-editor\" data-id=\"f5416da\" data-element_type=\"widget\" data-widget_type=\"text-editor.default\">\n\t\t\t\t<div class=\"elementor-widget-container\">\n\t\t\t\t\t\t\t<p><em>Za vsa naro\u010dila nad 100\u20ac je dostava brezpla\u010dna ( za naro\u010dila do 100\u20ac je dostava 3,9 \u20ac ZDDV-jem ! Cena dostave zajema pakiranje in prevoz.<\/em><\/p>\t\t\t\t\t\t<\/div>\n\t\t\t\t<\/div>\n\t\t\t\t<div class=\"elementor-element elementor-element-ce17773 elementor-widget elementor-widget-text-editor\" data-id=\"ce17773\" data-element_type=\"widget\" data-widget_type=\"text-editor.default\">\n\t\t\t\t<div class=\"elementor-widget-container\">\n\t\t\t\t\t\t\t<h5>DPD kurirska in paketna distribucija<\/h5><p>&#8211; Informacije o &gt;&gt;DPD kurirska in paketna distribucija&lt;&lt; si lahko ogledate na njihovi uradni strani: -&gt; <a href=\"http:\/\/www.dpd.com\/si\" target=\"_blank\" rel=\"noopener\">http:\/\/www.dpd.com\/si<\/a><\/p><h5>Po\u0161ta slovenije<\/h5><p>V primeru, da ob \u010dasu dostave niste prisotni, vam dostavna slu\u017eba pusti obvestilo. Rok za prevzem po\u0161iljke je pri Po\u0161ti Slovenije 15 dni.<\/p><p>Morebitne nejasnosti ali te\u017eave nam lahko sporo\u010dite na E-mail: <a href=\"mailto:info@molk-jewelry.com\">info@molk-jewelry.com<\/a> ali pa pokli\u010dite Tel: <span class=\"d2edcug0 hpfvmrgz qv66sw1b c1et5uql rrkovp55 a8c37x1j keod5gw0 nxhoafnm aigsh9s9 d3f4x2em fe6kdd0r mau55g9w c8b282yb iv3no6db jq4qci2q a3bd9o3v knj5qynh oo9gr5id hzawbc8m\" dir=\"auto\"><span class=\"d2edcug0 hpfvmrgz qv66sw1b c1et5uql rrkovp55 jq4qci2q a3bd9o3v knj5qynh oo9gr5id\">040 368 127<\/span><\/span>.<\/p>\t\t\t\t\t\t<\/div>\n\t\t\t\t<\/div>\n\t\t\t\t<div class=\"elementor-element elementor-element-7ac245f elementor-widget elementor-widget-text-editor\" data-id=\"7ac245f\" data-element_type=\"widget\" data-widget_type=\"text-editor.default\">\n\t\t\t\t<div class=\"elementor-widget-container\">\n\t\t\t\t\t\t\t<p>Dobavni roki<\/p>\t\t\t\t\t\t<\/div>\n\t\t\t\t<\/div>\n\t\t\t\t<div class=\"elementor-element elementor-element-12cf207 elementor-widget elementor-widget-text-editor\" data-id=\"12cf207\" data-element_type=\"widget\" data-widget_type=\"text-editor.default\">\n\t\t\t\t<div class=\"elementor-widget-container\">\n\t\t\t\t\t\t\t<p>O morebitnih dalj\u0161ih dobavnih rokih vas bomo preko elektronske po\u0161te sproti obve\u0161\u010dali. V primeru, da vam dalj\u0161i dobavni rok ne ustreza, nam lahko to sporo\u010dite in artikel bomo odstranili iz naro\u010dila ali zamenjali z drugim.<\/p><p>Zaradi razli\u010dnih dobavljivosti izdelkov je naro\u010dilo lahko razdeljeno na ve\u010d po\u0161iljk. Lahko jih odpremimo delno ali vse hkrati. \u010ce v \u010detrtem koraku oddaje spletnega naro\u010dila izberete &#8221;Odprema celotnega naro\u010dila hkrati&#8221; vam bomo naro\u010dilo poslali v eni po\u0161iljki. V primeru, ko izberete &#8221;Odprema razpolo\u017eljivih artiklov.&#8221; pa bo po\u0161iljka odpremljena v ve\u010d po\u0161iljkah.<\/p><p>Pri delni dobavi vam bomo artikle, ki so na zalogi, poslali takoj, ostale pa, ko bodo na voljo. Morebitni stro\u0161ek dostave bomo zara\u010dunali <strong>le pri prvi po\u0161iljki<\/strong>, za kasnej\u0161e po\u0161iljke pa bomo nosili stro\u0161ek dostave mi. \u010ce se naveli\u010date \u010dakanja, nam lahko to sporo\u010dite in manjkajo\u010di artikel bomo odstranili iz naro\u010dila.<\/p><p>Za artikle, ki so ozna\u010deni kot rok dobave ni znan, nimamo podatka o tem, kako hitro jih lahko dobavimo.<\/p><p>\u010ce boste nekaj dni odsotni, lahko v \u010detrtem koraku pri dostavi v meniju ozna\u010dite tudi \u017eeljeni datum odpreme va\u0161ega paketa. To pomeni, da pred tem datumom va\u0161 paket ne poslan na navedeni naslov.<\/p><p>Za dostavo poskrbi <strong>Po\u0161ta Slovenije<\/strong>, ve\u010dinoma naslednji delovni dan od dneva odpreme, vendar najkasneje <strong>v roku treh delovnih dni<\/strong>. Ob odpremi po\u0161iljke vam bomo poslali obvestilo, da smo artikle \u017ee poslali na pot.<\/p><p>Za vse dodatne informacije nas pokli\u010dite Tel: <span class=\"d2edcug0 hpfvmrgz qv66sw1b c1et5uql rrkovp55 a8c37x1j keod5gw0 nxhoafnm aigsh9s9 d3f4x2em fe6kdd0r mau55g9w c8b282yb iv3no6db jq4qci2q a3bd9o3v knj5qynh oo9gr5id hzawbc8m\" dir=\"auto\"><span class=\"d2edcug0 hpfvmrgz qv66sw1b c1et5uql rrkovp55 jq4qci2q a3bd9o3v knj5qynh oo9gr5id\">040 368 127<\/span><\/span> ali po\u0161ljite <a href=\"mailto:info@molk-jewelry.com\">info@molk-jewelry.com<\/a><\/p>\t\t\t\t\t\t<\/div>\n\t\t\t\t<\/div>\n\t\t\t\t<div class=\"elementor-element elementor-element-b096a0c elementor-widget elementor-widget-text-editor\" data-id=\"b096a0c\" data-element_type=\"widget\" data-widget_type=\"text-editor.default\">\n\t\t\t\t<div class=\"elementor-widget-container\">\n\t\t\t\t\t\t\t<p>Obravnava po\u0161kodovanih po\u0161iljk (od\u0161kodnine)<\/p>\t\t\t\t\t\t<\/div>\n\t\t\t\t<\/div>\n\t\t\t\t<div class=\"elementor-element elementor-element-e4ac9d2 elementor-widget elementor-widget-text-editor\" data-id=\"e4ac9d2\" data-element_type=\"widget\" data-widget_type=\"text-editor.default\">\n\t\t\t\t<div class=\"elementor-widget-container\">\n\t\t\t\t\t\t\t<div class=\"fl-col fl-node-60001daa6ef29\" data-node=\"60001daa6ef29\"><div class=\"fl-col-content fl-node-content\"><div class=\"fl-module fl-module-rich-text fl-node-60001dcacec00 fl-animation fl-fade-in fl-animated\" data-node=\"60001dcacec00\" data-animation-delay=\"0\" data-animation-duration=\"1\"><div class=\"fl-module-content fl-node-content\"><div class=\"fl-rich-text\"><div class=\"fl-col fl-node-60017c0dcd45f\" data-node=\"60017c0dcd45f\"><div class=\"fl-col-content fl-node-content\"><div class=\"fl-module fl-module-rich-text fl-node-60140cc9abf79 fl-animation fl-fade-in fl-animated\" data-node=\"60140cc9abf79\" data-animation-delay=\"0\" data-animation-duration=\"1\"><div class=\"fl-module-content fl-node-content\"><div class=\"fl-rich-text\"><p>\u010ce ste ob prevzemu po\u0161iljke opazili, da je artikel ali po\u0161iljka fizi\u010dno po\u0161kodovana, v njej manjka vsebina ali ka\u017ee znake odprtja, lahko vlo\u017eite postopek od\u0161kodnine pri Po\u0161ti Slovenije. To storite tako, da po\u0161iljko (embala\u017eo + vsebino) prinesete na po\u0161to, takoj, ko opazite po\u0161kodbo ali izropano po\u0161iljko najkasneje v roku 30 dni od prevzema po\u0161iljke. Na po\u0161ti opozorite, da je potrebno izpolniti Zapisnik o po\u0161kodovani po\u0161iljki, ki ga podpi\u0161ete tudi vi. Po prejetju vse potrebne dokumentacije, se na Po\u0161to Slovenije poda zahtevek za od\u0161kodnino.<\/p><p>Zahtevek na Po\u0161ti Slovenije komisijsko obravnavajo in na podlagi odgovora ali odobritve se vrne kupnina ali naro\u010di nov artikel. Skupaj s Po\u0161to Slovenije bomo poskrbeli, da bo od\u0161kodnina re\u0161ena v najkraj\u0161em mo\u017enem \u010dasu.<\/p><\/div><\/div><\/div><\/div><\/div><\/div><\/div><\/div><\/div><\/div>\t\t\t\t\t\t<\/div>\n\t\t\t\t<\/div>\n\t\t\t\t<div class=\"elementor-element elementor-element-eaffd77 elementor-widget elementor-widget-heading\" data-id=\"eaffd77\" data-element_type=\"widget\" data-widget_type=\"heading.default\">\n\t\t\t\t<div class=\"elementor-widget-container\">\n\t\t\t<h2 class=\"elementor-heading-title elementor-size-default\">Prevzemno mesto<\/h2>\t\t<\/div>\n\t\t\t\t<\/div>\n\t\t\t\t<div class=\"elementor-element elementor-element-14d43bf elementor-widget elementor-widget-text-editor\" data-id=\"14d43bf\" data-element_type=\"widget\" data-widget_type=\"text-editor.default\">\n\t\t\t\t<div class=\"elementor-widget-container\">\n\t\t\t\t\t\t\t<div class=\"fl-col fl-node-60001daa6ef29\" data-node=\"60001daa6ef29\"><div class=\"fl-col-content fl-node-content\"><div class=\"fl-module fl-module-rich-text fl-node-60001dcacec00 fl-animation fl-fade-in fl-animated\" data-node=\"60001dcacec00\" data-animation-delay=\"0\" data-animation-duration=\"1\"><div class=\"fl-module-content fl-node-content\"><div class=\"fl-rich-text\"><div class=\"fl-col fl-node-60017c0dcd45f\" data-node=\"60017c0dcd45f\"><div class=\"fl-col-content fl-node-content\"><div class=\"fl-module fl-module-rich-text fl-node-60140cc9abf79 fl-animation fl-fade-in fl-animated\" data-node=\"60140cc9abf79\" data-animation-delay=\"0\" data-animation-duration=\"1\"><div class=\"fl-module-content fl-node-content\"><div class=\"fl-rich-text\">Naro\u010dene artikle lahko osebno prevzamete na prevzemnem mestu po predhodnem dogovoru.<\/div><\/div><\/div><\/div><\/div><\/div><\/div><\/div><\/div><\/div>\t\t\t\t\t\t<\/div>\n\t\t\t\t<\/div>\n\t\t\t\t<div class=\"elementor-element elementor-element-28bf713 e-grid-align-left elementor-shape-square elementor-grid-0 elementor-widget elementor-widget-social-icons\" data-id=\"28bf713\" data-element_type=\"widget\" data-widget_type=\"social-icons.default\">\n\t\t\t\t<div class=\"elementor-widget-container\">\n\t\t\t\t\t<div class=\"elementor-social-icons-wrapper elementor-grid\">\n\t\t\t\t\t\t\t<span class=\"elementor-grid-item\">\n\t\t\t\t\t<a class=\"elementor-icon elementor-social-icon elementor-social-icon-facebook elementor-repeater-item-02185ae\" href=\"https:\/\/www.facebook.com\/SreckoMolkJewelry\/\" target=\"_blank\">\n\t\t\t\t\t\t<span class=\"elementor-screen-only\">Facebook<\/span>\n\t\t\t\t\t\t<i class=\"fab fa-facebook\"><\/i>\t\t\t\t\t<\/a>\n\t\t\t\t<\/span>\n\t\t\t\t\t\t\t<span class=\"elementor-grid-item\">\n\t\t\t\t\t<a class=\"elementor-icon elementor-social-icon elementor-social-icon-instagram elementor-repeater-item-9bfbe3d\" href=\"https:\/\/www.instagram.com\/sreckomolk\/\" target=\"_blank\">\n\t\t\t\t\t\t<span class=\"elementor-screen-only\">Instagram<\/span>\n\t\t\t\t\t\t<i class=\"fab fa-instagram\"><\/i>\t\t\t\t\t<\/a>\n\t\t\t\t<\/span>\n\t\t\t\t\t<\/div>\n\t\t\t\t<\/div>\n\t\t\t\t<\/div>\n\t\t\t\t\t<\/div>\n\t\t<\/div>\n\t\t\t\t\t\t\t<\/div>\n\t\t<\/section>\n\t\t\t\t\t\t\t<\/div>","protected":false},"excerpt":{"rendered":"<p>Cene in pla\u010dila Vse cene v spletni trgovini Sre\u010dko Molk &#8220;Wooden Jewelry&#8221; so navedene v EUR in vklju\u010dujejo davek na dodano vrednost (DDV), razen, \u010de ni to druga\u010de zapisano. Cene veljajo ob sklenitvi pogodbe oziroma, ko kupec dobi sporo\u010dilo, da je naro\u010dilo v obdelavi. Cene se lahko spremenijo brez predhodnega obvestila. Ponudba velja po teh [&hellip;]<\/p>","protected":false},"author":1,"featured_media":0,"parent":0,"menu_order":0,"comment_status":"closed","ping_status":"closed","template":"","meta":{"_seopress_robots_primary_cat":""},"_links":{"self":[{"href":"https:\/\/www.sreckomolk.com\/en\/wp-json\/wp\/v2\/pages\/23566"}],"collection":[{"href":"https:\/\/www.sreckomolk.com\/en\/wp-json\/wp\/v2\/pages"}],"about":[{"href":"https:\/\/www.sreckomolk.com\/en\/wp-json\/wp\/v2\/types\/page"}],"author":[{"embeddable":true,"href":"https:\/\/www.sreckomolk.com\/en\/wp-json\/wp\/v2\/users\/1"}],"replies":[{"embeddable":true,"href":"https:\/\/www.sreckomolk.com\/en\/wp-json\/wp\/v2\/comments?post=23566"}],"version-history":[{"count":0,"href":"https:\/\/www.sreckomolk.com\/en\/wp-json\/wp\/v2\/pages\/23566\/revisions"}],"wp:attachment":[{"href":"https:\/\/www.sreckomolk.com\/en\/wp-json\/wp\/v2\/media?parent=23566"}],"curies":[{"name":"wp","href":"https:\/\/api.w.org\/{rel}","templated":true}]}}