{"id":23542,"date":"2022-03-28T10:38:44","date_gmt":"2022-03-28T10:38:44","guid":{"rendered":"https:\/\/www.ivh7.si\/?page_id=23542"},"modified":"2022-04-26T18:38:52","modified_gmt":"2022-04-26T18:38:52","slug":"piskotki-in-zasebnost","status":"publish","type":"page","link":"https:\/\/www.sreckomolk.com\/en\/piskotki-in-zasebnost\/","title":{"rendered":"Pi\u0161kotki in zasebnost"},"content":{"rendered":"<div data-elementor-type=\"wp-page\" data-elementor-id=\"23542\" class=\"elementor elementor-23542\" data-elementor-post-type=\"page\">\n\t\t\t\t\t\t\t\t\t<section class=\"elementor-section elementor-top-section elementor-element elementor-element-407d1be elementor-section-boxed elementor-section-height-default elementor-section-height-default\" data-id=\"407d1be\" data-element_type=\"section\" data-settings=\"{&quot;jet_parallax_layout_list&quot;:[]}\">\n\t\t\t\t\t\t<div class=\"elementor-container elementor-column-gap-default\">\n\t\t\t\t\t<div class=\"elementor-column elementor-col-100 elementor-top-column elementor-element elementor-element-c09b318\" data-id=\"c09b318\" data-element_type=\"column\">\n\t\t\t<div class=\"elementor-widget-wrap elementor-element-populated\">\n\t\t\t\t\t\t\t\t<div class=\"elementor-element elementor-element-cfbe70a elementor-widget elementor-widget-heading\" data-id=\"cfbe70a\" data-element_type=\"widget\" data-widget_type=\"heading.default\">\n\t\t\t\t<div class=\"elementor-widget-container\">\n\t\t\t<h2 class=\"elementor-heading-title elementor-size-default\">Pi\u0161kotki in zasebnost<\/h2>\t\t<\/div>\n\t\t\t\t<\/div>\n\t\t\t\t<div class=\"elementor-element elementor-element-b34fddf elementor-widget elementor-widget-text-editor\" data-id=\"b34fddf\" data-element_type=\"widget\" data-widget_type=\"text-editor.default\">\n\t\t\t\t<div class=\"elementor-widget-container\">\n\t\t\t\t\t\t\t<p>Lastnik in upravljalec spletne strani http:\/\/molk-jewelry.com\/ je <strong>Sre\u010dko Molk, <\/strong>modni oblikovalec.<br \/>Kontaktne informacije so dosegljive na povezavi kontakt.<\/p>\t\t\t\t\t\t<\/div>\n\t\t\t\t<\/div>\n\t\t\t\t<div class=\"elementor-element elementor-element-770f02f elementor-widget elementor-widget-text-editor\" data-id=\"770f02f\" data-element_type=\"widget\" data-widget_type=\"text-editor.default\">\n\t\t\t\t<div class=\"elementor-widget-container\">\n\t\t\t\t\t\t\t<p>Varovanje osebnih podatkov pomeni:<\/p>\t\t\t\t\t\t<\/div>\n\t\t\t\t<\/div>\n\t\t\t\t<div class=\"elementor-element elementor-element-1575007 elementor-widget elementor-widget-text-editor\" data-id=\"1575007\" data-element_type=\"widget\" data-widget_type=\"text-editor.default\">\n\t\t\t\t<div class=\"elementor-widget-container\">\n\t\t\t\t\t\t\t<p>&#8211; nikoli ne bomo zlorabljali va\u0161ih osebnih podatkov na kakr\u0161en koli na\u010din<br \/>&#8211; va\u0161ih kontaktnih in osebnih podatkov ne bomo nikoli posredovali tretji stranki<br \/>&#8211; va\u0161e kontaktne in osebne podatke lahko posredujemo tretji stranki, v kolikor boste v to privolili<br \/>&#8211; ne bomo vam po\u0161iljali e-sporo\u010dil, na katere se niste prijavili<br \/>&#8211; kadar koli se lahko hitro in enostavno odjavite od katere koli na\u0161e e-po\u0161te.<\/p>\t\t\t\t\t\t<\/div>\n\t\t\t\t<\/div>\n\t\t\t\t<div class=\"elementor-element elementor-element-4cfd5ac elementor-widget elementor-widget-text-editor\" data-id=\"4cfd5ac\" data-element_type=\"widget\" data-widget_type=\"text-editor.default\">\n\t\t\t\t<div class=\"elementor-widget-container\">\n\t\t\t\t\t\t\t<p>Vse na\u0161e spletne aktivnosti so v skladu z evropsko zakonodajo (EU Directive 95\/46\/EC, 2002\/58\/EC in Treaty Conventions ETS 108, ETS 181, ETS 185, ETS 189) in nacionalno zakonodajo Republike Slovenije (Zakonom o varstvu osebnih podatkov, Zakon o elektronskem poslovanju na trgu itd.). Politika zasebnosti obravnava ravnanje z informacijami, ki jih ponudnik dobi o vas, kadar obi\u0161\u010dete in uporabite na\u0161o spletno stran.<\/p>\t\t\t\t\t\t<\/div>\n\t\t\t\t<\/div>\n\t\t\t\t<div class=\"elementor-element elementor-element-f90e85a elementor-widget elementor-widget-text-editor\" data-id=\"f90e85a\" data-element_type=\"widget\" data-widget_type=\"text-editor.default\">\n\t\t\t\t<div class=\"elementor-widget-container\">\n\t\t\t\t\t\t\t<h5>Avtomati\u010dno bele\u017eenje informacij (neosebni podatki)<\/h5>\t\t\t\t\t\t<\/div>\n\t\t\t\t<\/div>\n\t\t\t\t<div class=\"elementor-element elementor-element-e7960dd elementor-widget elementor-widget-text-editor\" data-id=\"e7960dd\" data-element_type=\"widget\" data-widget_type=\"text-editor.default\">\n\t\t\t\t<div class=\"elementor-widget-container\">\n\t\t\t\t\t\t\t<p>Kadar koli dostopate na spletno stran, se splo\u0161ni, neosebni podatki (uporabniki spletnega iskalnika, \u0161tevilo obiskov, povpre\u010den \u010das obiska na spletni strani, obiskane strani) avtomati\u010dno bele\u017eijo (ne kot del prijave). Te informacije uporabljamo za merjenje privla\u010dnosti na\u0161e spletne strani in izbolj\u0161evanje vsebin in uporabnosti. Va\u0161i podatki niso predmet nadaljnje obravnave in niso posredovani tretji stranki.<\/p>\t\t\t\t\t\t<\/div>\n\t\t\t\t<\/div>\n\t\t\t\t<div class=\"elementor-element elementor-element-03a633a elementor-widget elementor-widget-heading\" data-id=\"03a633a\" data-element_type=\"widget\" data-widget_type=\"heading.default\">\n\t\t\t\t<div class=\"elementor-widget-container\">\n\t\t\t<h2 class=\"elementor-heading-title elementor-size-default\">Uporaba pi\u0161kotkov na na\u0161i spletni strani<\/h2>\t\t<\/div>\n\t\t\t\t<\/div>\n\t\t\t\t<div class=\"elementor-element elementor-element-53390fa elementor-widget elementor-widget-text-editor\" data-id=\"53390fa\" data-element_type=\"widget\" data-widget_type=\"text-editor.default\">\n\t\t\t\t<div class=\"elementor-widget-container\">\n\t\t\t\t\t\t\t<p>Novi Zakon o elektronskih komunikacijah (Uradni list \u0161t. 109\/2012), ZEKom-1 je v pravni red prinesel nova pravila glede uporabe pi\u0161kotkov in podobnih tehnologij za shranjevanje informacij ali dostop do informacij, shranjenih na ra\u010dunalnikih, tablicah ali mobilnih napravah uporabnikov.<\/p><p>Zasebnost uporabnikov je za nas zelo pomembna, zato si prizadevamo, da uporabnikom ponudimo vse informacije o pi\u0161kotkih, ki jih uporabljamo na spletni strani z namenom, da omogo\u010dimo bolj\u0161e delovanje spletne strani in prijetnej\u0161o uporabni\u0161ko izku\u0161njo.<\/p><p>S pomo\u010djo pi\u0161kotkov se na uporabnikovi napravi hranijo unikatni podatki o uporabniku oziroma nastavitve, ki si jih je na posameznem spletnem mestu izbral.<\/p><p>Pridobljene informacije in podatke bomo skrbno varovali ter jih uporabljali izklju\u010dno za potrebe zagotavljanja spletne storitve, analizo uporabe, oglasnih sistemov in funkcionalnosti, ki jih brez pi\u0161kotkov ne bi mogli nuditi.<\/p>\t\t\t\t\t\t<\/div>\n\t\t\t\t<\/div>\n\t\t\t\t<div class=\"elementor-element elementor-element-b6512eb elementor-widget elementor-widget-heading\" data-id=\"b6512eb\" data-element_type=\"widget\" data-widget_type=\"heading.default\">\n\t\t\t\t<div class=\"elementor-widget-container\">\n\t\t\t<h2 class=\"elementor-heading-title elementor-size-default\">Pi\u0161kotki (cookies)<\/h2>\t\t<\/div>\n\t\t\t\t<\/div>\n\t\t\t\t<div class=\"elementor-element elementor-element-f1300bb elementor-widget elementor-widget-text-editor\" data-id=\"f1300bb\" data-element_type=\"widget\" data-widget_type=\"text-editor.default\">\n\t\t\t\t<div class=\"elementor-widget-container\">\n\t\t\t\t\t\t\t<p><em>Nastavitve za pi\u0161kotke lahko nadzirate in spreminjate tudi v svojem spletnem brskalniku.<\/em><\/p>\t\t\t\t\t\t<\/div>\n\t\t\t\t<\/div>\n\t\t\t\t<div class=\"elementor-element elementor-element-a94e67e elementor-widget elementor-widget-text-editor\" data-id=\"a94e67e\" data-element_type=\"widget\" data-widget_type=\"text-editor.default\">\n\t\t\t\t<div class=\"elementor-widget-container\">\n\t\t\t\t\t\t\t<p>Kaj so pi\u0161kotki?<\/p>\t\t\t\t\t\t<\/div>\n\t\t\t\t<\/div>\n\t\t\t\t<div class=\"elementor-element elementor-element-fdef63f elementor-widget elementor-widget-text-editor\" data-id=\"fdef63f\" data-element_type=\"widget\" data-widget_type=\"text-editor.default\">\n\t\t\t\t<div class=\"elementor-widget-container\">\n\t\t\t\t\t\t\t<p>Pi\u0161kotki niso ni\u010d novega, vsi obiskovalci spletnih strani imamo na svojih ra\u010dunalnikih, tablicah in mobilnih napravah shranjenih \u017ee veliko pi\u0161kotkov z razli\u010dnih spletnih strani. Z novo zakonodajo (ZEKom-1) je pri\u0161lo do sprememb glede obve\u0161\u010danja oz. sogla\u0161anja obiskovalcev z njihovo uporabo.<\/p><p>Pi\u0161kotek je datoteka, ki shrani nastavitve spletnih strani. Spletna mesta pi\u0161kotke shranijo v naprave uporabnikov, s katerimi dostopajo do interneta z namenom prepoznavanja posameznih naprav in nastavitev, ki so jih uporabniki uporabili pri dostopu.<\/p><p>Pi\u0161kotki omogo\u010dajo spletnim stranem prepoznavanje, \u010de je uporabnik \u017ee obiskal to spletno mesto in pri naprednih aplikacijah se lahko z njihovo pomo\u010djo ustrezno prilagodijo posamezne nastavitve. Njihovo shranjevanje je pod popolnim nadzorom brskalnika, ki ga uporablja uporabnik \u2013 ta lahko shranjevanje pi\u0161kotkov po \u017eelji omeji ali onemogo\u010di. Uporabnik pa se lahko vsaki vrne na vsebino o pi\u0161kotih in se kadarkoli odlo\u010di, da ne dovoli ve\u010d uporabe pi\u0161kotkov.<\/p>\t\t\t\t\t\t<\/div>\n\t\t\t\t<\/div>\n\t\t\t\t<div class=\"elementor-element elementor-element-cba0a18 elementor-widget elementor-widget-text-editor\" data-id=\"cba0a18\" data-element_type=\"widget\" data-widget_type=\"text-editor.default\">\n\t\t\t\t<div class=\"elementor-widget-container\">\n\t\t\t\t\t\t\t<p>Zakaj so pi\u0161kotki potrebni?<\/p>\t\t\t\t\t\t<\/div>\n\t\t\t\t<\/div>\n\t\t\t\t<div class=\"elementor-element elementor-element-b869cac elementor-widget elementor-widget-text-editor\" data-id=\"b869cac\" data-element_type=\"widget\" data-widget_type=\"text-editor.default\">\n\t\t\t\t<div class=\"elementor-widget-container\">\n\t\t\t\t\t\t\t<p>Pi\u0161kotki so temeljnega pomena za zagotavljanje uporabniku prijaznih spletnih storitev; najpogostej\u0161e funkcije e-poslovanja ne bi bile mogo\u010de brez pi\u0161kotkov. Interakcija med spletnim uporabnikom in spletno stranjo je s pomo\u010djo pi\u0161kotkov hitrej\u0161a in enostavnej\u0161a. Z njihovo pomo\u010djo si spletna stran zapomni posameznikove preference in izku\u0161nje, brskanje po spletnih straneh pa je s tem bolj u\u010dinkovito in prijetno. Razlogov za uporabo pi\u0161kotkov je ve\u010d.<\/p><p>Uporabljajo se za shranjevanje podatkov o stanju posamezne spletne strani, pomagajo pri izvajanju spletnih storitev, pomagajo pri zbiranju statistik o uporabnikih in obiskanosti spletnega mesta, o navadah spletnega uporabnika , itd. S pomo\u010djo pi\u0161kotkov lahko ocenimo u\u010dinkovitost zasnove na\u0161ega spletnega mesta. O priporo\u010deni in dovoljeni uporabi pi\u0161kotkov na spletnih straneh si lahko preberete tudi smernice Dataofficer d.o.o.za uporabo pi\u0161kotkov, ki jih najdete tukaj.<\/p>\t\t\t\t\t\t<\/div>\n\t\t\t\t<\/div>\n\t\t\t\t<div class=\"elementor-element elementor-element-54524d0 elementor-widget elementor-widget-text-editor\" data-id=\"54524d0\" data-element_type=\"widget\" data-widget_type=\"text-editor.default\">\n\t\t\t\t<div class=\"elementor-widget-container\">\n\t\t\t\t\t\t\t<p>Za kaj uporabljamo pi\u0161kotke na na\u0161i spletni strani<\/p>\t\t\t\t\t\t<\/div>\n\t\t\t\t<\/div>\n\t\t\t\t<div class=\"elementor-element elementor-element-4b70b93 elementor-widget elementor-widget-text-editor\" data-id=\"4b70b93\" data-element_type=\"widget\" data-widget_type=\"text-editor.default\">\n\t\t\t\t<div class=\"elementor-widget-container\">\n\t\t\t\t\t\t\t<p>Na na\u0161i spletni strani uporabljamo naslednje tipe pi\u0161kotkov:<\/p><p><strong>Sejni pi\u0161kotki<\/strong>: Za\u010dasni ali sejni pi\u0161kotki bodo odstranjeni iz ra\u010dunalnika, ko zaprete va\u0161 brskalnik (npr Chrome ali Internet Explorer). Ti pi\u0161kotki pomagajo izbolj\u0161ati delovanje in uporabnost na\u0161e spletne strani. Na primer, omogo\u010dajo, da zaznamo, ali lahko va\u0161 brskalnik za\u017eene majhne spletne programe (imenovane \u00bbskripte\u00ab), ki zagotavljajo dodatne funkcionalnosti spletne strani ali omogo\u010dajo, da se spomnimo kakr\u0161nih koli preferenc, ki ste jih nastavili (kot na primer velikost \u010drk ali nastavitev jezika).<\/p><p><strong>Trajni pi\u0161kotki<\/strong>: Trajni ali shranjeni pi\u0161kotki ostanejo v ra\u010dunalniku, ko zaprete brskalnik. Spletna stran jih uporablja za shranjevanje informacij, na primer vpisno ime in geslo, tako da se ni treba vpisati vsaki\u010d, ko obi\u0161\u010dete neko mesto. Trajni pi\u0161kotki ostanejo v ra\u010dunalniku pribli\u017eno 6 mesecev.<\/p><p><strong>Analiti\u010dni pi\u0161kotki<\/strong> tehnologije Google Analytics. Ti pi\u0161kotki se uporabljajo za zbiranje informacij o tem, kako obiskovalci uporabljajo na\u0161o spletno stran. Te informacije uporabljamo za pripravo poro\u010dil in so nam v pomo\u010d pri izbolj\u0161avah uporabni\u0161kega vidika spletne strani. Pi\u0161kotki zbirajo informacije v anonimni obliki, vklju\u010dno s \u0161tevilom obiskovalcev spletne strani, od kje so obiskovalci pri\u0161li na to spletno stran in spletne stani, ki so jih obiskali. Nekateri pi\u0161kotki, dolo\u010deni za ta namen, se samodejno odstranijo iz naprave, ko zaprete svoj brskalnik. Drugi se lahko ohranijo do 24 mesecev od va\u0161ega zadnjega obiska na\u0161e spletne strani. Lahko se odpoveste sledenju Google Analytics z obiskom: https:\/\/tools.google.com\/dlpage\/gaoptout.<\/p><p><strong>Pi\u0161kotki,<\/strong> ki so vezani na vti\u010dnike youtube, (social media plug-in) dru\u017ebenih omre\u017eij in storitev: dru\u017ebena omre\u017eja omogo\u010dajo spletnim mestom, da v svojo vsebino integrirajo njihove produkte \u2013 tako lahko uporabniki delijo vsebine s svojimi prijatelji (razli\u010dni gumbi, kot so v\u0161e\u010d mi je, deli vsebino, priporo\u010di \u2026). Vti\u010dniki uporabljajo pi\u0161kotke, da lahko dru\u017ebena omre\u017eja identificirajo svoje \u010dlane, ko ti pridejo na spletno mesto z vti\u010dnikom.<\/p>\t\t\t\t\t\t<\/div>\n\t\t\t\t<\/div>\n\t\t\t\t<div class=\"elementor-element elementor-element-eb6ca07 elementor-widget elementor-widget-text-editor\" data-id=\"eb6ca07\" data-element_type=\"widget\" data-widget_type=\"text-editor.default\">\n\t\t\t\t<div class=\"elementor-widget-container\">\n\t\t\t\t\t\t\t<p>Nastavitve pi\u0161kotkov<\/p>\t\t\t\t\t\t<\/div>\n\t\t\t\t<\/div>\n\t\t\t\t<div class=\"elementor-element elementor-element-aaf9720 elementor-widget elementor-widget-text-editor\" data-id=\"aaf9720\" data-element_type=\"widget\" data-widget_type=\"text-editor.default\">\n\t\t\t\t<div class=\"elementor-widget-container\">\n\t\t\t\t\t\t\t<p>Vsak uporabnik ima popoln nadzor nad pi\u0161kotki in se lahko tako sam odlo\u010di, ali bo dovolil shranjevanje pi\u0161kotkov na svoji napravi.<\/p><p>Na spletni strani http:\/\/molk-jewelry.com\/ uporabnikom ponujamo mo\u017enost, da se odlo\u010dijo o sprejetju ali zavrnitvi pi\u0161kotkov. Pri tem opozarjamo, da njihova izklju\u010ditev lahko privede do morebitnih te\u017eav s stranjo, nekatere funkcionalnosti spletne strani so lahko celo onemogo\u010dene. V primeru zavrnitve dolo\u010denih pi\u0161kotkov (npr. Pi\u0161kotkov za napredno ogla\u0161evanje) bo uporabniku sorazmerno omejen prikaz vsebine in dostop do spletne strani.<\/p>\t\t\t\t\t\t<\/div>\n\t\t\t\t<\/div>\n\t\t\t\t<div class=\"elementor-element elementor-element-f5416da elementor-widget elementor-widget-text-editor\" data-id=\"f5416da\" data-element_type=\"widget\" data-widget_type=\"text-editor.default\">\n\t\t\t\t<div class=\"elementor-widget-container\">\n\t\t\t\t\t\t\t<p><em>Da bi zagotovili najbolj\u0161o uporabni\u0161ko izku\u0161njo in optimalno delovanje na\u0161e spletne strani, uporabnikom priporo\u010damo, da pi\u0161kotke sprejmejo.<\/em><\/p>\t\t\t\t\t\t<\/div>\n\t\t\t\t<\/div>\n\t\t\t\t<div class=\"elementor-element elementor-element-ce17773 elementor-widget elementor-widget-text-editor\" data-id=\"ce17773\" data-element_type=\"widget\" data-widget_type=\"text-editor.default\">\n\t\t\t\t<div class=\"elementor-widget-container\">\n\t\t\t\t\t\t\t<p>V kolikor uporabnik ne \u017eeli uporabljati pi\u0161kotkov, mu brskalnik ponuja mo\u017enost popolne kontrole nad uporabo pi\u0161kotkov. V dolo\u010denih brskalnikih lahko nastavite pravila za upravljanje pi\u0161kotkov za vsako posamezno spletno mesto, zato da imate natan\u010dnej\u0161i nadzor nad svojo zasebnostjo. Tako lahko onemogo\u010dite pi\u0161kotke z vseh spletnih mest razen pi\u0161kotkov iz spletnih mest, ki jim zaupate. Ena od funkcij brskalnikov je tudi na\u010din brez bele\u017eenja zgodovine.<\/p><p>V na\u010dinu brez bele\u017eenja zgodovine lahko brskate, \u010de ne \u017eelite, da se obiski spletnih mest in prenosi shranjujejo v zgodovini brskanja in prenosov. Vsi pi\u0161kotki, ustvarjeni v na\u010dinu brez bele\u017eenja zgodovine, se izbri\u0161ejo, ko zaprete vsa okna tega na\u010dina.<\/p>\t\t\t\t\t\t<\/div>\n\t\t\t\t<\/div>\n\t\t\t\t<div class=\"elementor-element elementor-element-7ac245f elementor-widget elementor-widget-text-editor\" data-id=\"7ac245f\" data-element_type=\"widget\" data-widget_type=\"text-editor.default\">\n\t\t\t\t<div class=\"elementor-widget-container\">\n\t\t\t\t\t\t\t<p>Za informacije o nastavitvah za pi\u0161kotke izberite spletni brskalnik, ki ga uporabljate.<\/p>\t\t\t\t\t\t<\/div>\n\t\t\t\t<\/div>\n\t\t\t\t<div class=\"elementor-element elementor-element-12cf207 elementor-widget elementor-widget-text-editor\" data-id=\"12cf207\" data-element_type=\"widget\" data-widget_type=\"text-editor.default\">\n\t\t\t\t<div class=\"elementor-widget-container\">\n\t\t\t\t\t\t\t<p><a href=\"https:\/\/support.google.com\/chrome\/answer\/95647?hl=sl-sl&amp;p=cpn_cookies\" target=\"_blank\" rel=\"noopener noreferrer\">&#8211; Chrome<\/a><a href=\"http:\/\/support.mozilla.org\/sl\/kb\/Kako%20aktivirate%20in%20deaktivirate%20pi%C5%A1kote\" target=\"_blank\" rel=\"noopener noreferrer\">&#8211; Firefox<\/a><a href=\"http:\/\/windows.microsoft.com\/sl-si\/internet-explorer\/delete-manage-cookies#ie=ie-11\" target=\"_blank\" rel=\"noopener noreferrer\">&#8211; Internet Explorer 11<\/a><a href=\"http:\/\/windows.microsoft.com\/sl-si\/internet-explorer\/delete-manage-cookies#ie=ie-10\" target=\"_blank\" rel=\"noopener noreferrer\">&#8211; Internet Explorer 10<\/a><a href=\"http:\/\/windows.microsoft.com\/sl-si\/windows7\/how-to-manage-cookies-in-internet-explorer-9\" target=\"_blank\" rel=\"noopener noreferrer\">&#8211; Internet Explorer 9<\/a><a href=\"http:\/\/windows.microsoft.com\/sl-si\/windows-vista\/block-or-allow-cookies\" target=\"_blank\" rel=\"noopener noreferrer\">&#8211; Internet Explorer 7 in 8<\/a><a href=\"http:\/\/www.opera.com\/help\/tutorials\/security\/cookies\/\" target=\"_blank\" rel=\"noopener noreferrer\">&#8211; Opera <small>(stran v angle\u0161kem jeziku)<\/small><\/a><a href=\"http:\/\/support.apple.com\/kb\/PH11913\" target=\"_blank\" rel=\"noopener noreferrer\">&#8211; Safari <small>(stran v angle\u0161kem jeziku)<\/small><\/a><\/p><p>\u010ce ste soglasje za pi\u0161kotke predhodno \u017ee dali in se pozneje premislili ter izklju\u010dili prejemanje pi\u0161kotkov v svojem brskalniku, bo va\u0161 obisk na spletni strani razumljen kot prvi obisk. V tem primeru boste znova dobili obvestilo o pi\u0161kotkih.<\/p><p>Ve\u010d o Google Analytics pi\u0161kotkih, njihovem trajanju in namenu lahko preberete na http:\/\/cookiestatement.eu\/<br \/>Ve\u010d o tem kako blokirati Google Analytics in kako to storiti najdete na povezavi https:\/\/tools.google.com\/dlpage\/gaoptout.<\/p>\t\t\t\t\t\t<\/div>\n\t\t\t\t<\/div>\n\t\t\t\t<div class=\"elementor-element elementor-element-b096a0c elementor-widget elementor-widget-text-editor\" data-id=\"b096a0c\" data-element_type=\"widget\" data-widget_type=\"text-editor.default\">\n\t\t\t\t<div class=\"elementor-widget-container\">\n\t\t\t\t\t\t\t<p>Pi\u0161kotki, ki jih uporabljamo na tej spletni strani sledijo smernicam:<\/p>\t\t\t\t\t\t<\/div>\n\t\t\t\t<\/div>\n\t\t\t\t<div class=\"elementor-element elementor-element-e4ac9d2 elementor-widget elementor-widget-text-editor\" data-id=\"e4ac9d2\" data-element_type=\"widget\" data-widget_type=\"text-editor.default\">\n\t\t\t\t<div class=\"elementor-widget-container\">\n\t\t\t\t\t\t\t<div class=\"fl-col fl-node-60001daa6ef29\" data-node=\"60001daa6ef29\"><div class=\"fl-col-content fl-node-content\"><div class=\"fl-module fl-module-rich-text fl-node-60001dcacec00 fl-animation fl-fade-in fl-animated\" data-node=\"60001dcacec00\" data-animation-delay=\"0\" data-animation-duration=\"1\"><div class=\"fl-module-content fl-node-content\"><div class=\"fl-rich-text\"><p>&#8211; <a href=\"http:\/\/www.sbop.si\/wp-content\/uploads\/2013\/07\/Smernice_o_uporabi_piskotkov.pdf\" target=\"new\">Informacijske poobla\u0161\u010denke RS (pdf)<\/a><\/p><p>&#8211; <a href=\"http:\/\/www.sbop.si\/wp-content\/uploads\/2013\/07\/icc_uk_cookie_guide.pdf\" target=\"new\">Mednarodne gospodarske zbornice (pdf)<\/a><\/p><h5>Izjemno razkritje osebnih podatkov<\/h5><p>Podatki, ki jih spletno mesto (http:\/\/molk-jewelry.com\/) zbira in obdeluje, bodo razkriti le, \u010de je taka obveznost dolo\u010dena v zakonu, ali v dobri veri, da je tako ukrepanje potrebno za postopke pred sodi\u0161\u010di ali drugimi dr\u017eavnimi organi ter za za\u0161\u010dito in uresni\u010devanje zakonitih interesov.<\/p><\/div><\/div><\/div><\/div><\/div>\t\t\t\t\t\t<\/div>\n\t\t\t\t<\/div>\n\t\t\t\t<div class=\"elementor-element elementor-element-28bf713 e-grid-align-left elementor-shape-square elementor-grid-0 elementor-widget elementor-widget-social-icons\" data-id=\"28bf713\" data-element_type=\"widget\" data-widget_type=\"social-icons.default\">\n\t\t\t\t<div class=\"elementor-widget-container\">\n\t\t\t\t\t<div class=\"elementor-social-icons-wrapper elementor-grid\">\n\t\t\t\t\t\t\t<span class=\"elementor-grid-item\">\n\t\t\t\t\t<a class=\"elementor-icon elementor-social-icon elementor-social-icon-facebook elementor-repeater-item-02185ae\" href=\"https:\/\/www.facebook.com\/SreckoMolkJewelry\/\" target=\"_blank\">\n\t\t\t\t\t\t<span class=\"elementor-screen-only\">Facebook<\/span>\n\t\t\t\t\t\t<i class=\"fab fa-facebook\"><\/i>\t\t\t\t\t<\/a>\n\t\t\t\t<\/span>\n\t\t\t\t\t\t\t<span class=\"elementor-grid-item\">\n\t\t\t\t\t<a class=\"elementor-icon elementor-social-icon elementor-social-icon-instagram elementor-repeater-item-9bfbe3d\" href=\"https:\/\/www.instagram.com\/sreckomolk\/\" target=\"_blank\">\n\t\t\t\t\t\t<span class=\"elementor-screen-only\">Instagram<\/span>\n\t\t\t\t\t\t<i class=\"fab fa-instagram\"><\/i>\t\t\t\t\t<\/a>\n\t\t\t\t<\/span>\n\t\t\t\t\t<\/div>\n\t\t\t\t<\/div>\n\t\t\t\t<\/div>\n\t\t\t\t\t<\/div>\n\t\t<\/div>\n\t\t\t\t\t\t\t<\/div>\n\t\t<\/section>\n\t\t\t\t\t\t\t<\/div>","protected":false},"excerpt":{"rendered":"<p>Pi\u0161kotki in zasebnost Lastnik in upravljalec spletne strani http:\/\/molk-jewelry.com\/ je Sre\u010dko Molk, modni oblikovalec. Kontaktne informacije so dosegljive na povezavi kontakt. Varovanje osebnih podatkov pomeni: &#8211; nikoli ne bomo zlorabljali va\u0161ih osebnih podatkov na kakr\u0161en koli na\u010din &#8211; va\u0161ih kontaktnih in osebnih podatkov ne bomo nikoli posredovali tretji stranki &#8211; va\u0161e kontaktne in osebne podatke [&hellip;]<\/p>","protected":false},"author":1,"featured_media":0,"parent":0,"menu_order":0,"comment_status":"closed","ping_status":"closed","template":"","meta":{"_seopress_robots_primary_cat":""},"_links":{"self":[{"href":"https:\/\/www.sreckomolk.com\/en\/wp-json\/wp\/v2\/pages\/23542"}],"collection":[{"href":"https:\/\/www.sreckomolk.com\/en\/wp-json\/wp\/v2\/pages"}],"about":[{"href":"https:\/\/www.sreckomolk.com\/en\/wp-json\/wp\/v2\/types\/page"}],"author":[{"embeddable":true,"href":"https:\/\/www.sreckomolk.com\/en\/wp-json\/wp\/v2\/users\/1"}],"replies":[{"embeddable":true,"href":"https:\/\/www.sreckomolk.com\/en\/wp-json\/wp\/v2\/comments?post=23542"}],"version-history":[{"count":0,"href":"https:\/\/www.sreckomolk.com\/en\/wp-json\/wp\/v2\/pages\/23542\/revisions"}],"wp:attachment":[{"href":"https:\/\/www.sreckomolk.com\/en\/wp-json\/wp\/v2\/media?parent=23542"}],"curies":[{"name":"wp","href":"https:\/\/api.w.org\/{rel}","templated":true}]}}